{"id":465,"date":"2020-03-24T17:08:22","date_gmt":"2020-03-24T16:08:22","guid":{"rendered":"http:\/\/volleksbuehn.lu\/?page_id=465"},"modified":"2021-09-01T13:55:59","modified_gmt":"2021-09-01T11:55:59","slug":"produktioun-nr-3-dspillreegelen","status":"publish","type":"page","link":"https:\/\/volleksbuehn.lu\/?page_id=465","title":{"rendered":"Produktioun Nr. 3 &#8211; D&#8217;Spillreegelen"},"content":{"rendered":"\t\t<div data-elementor-type=\"wp-page\" data-elementor-id=\"465\" class=\"elementor elementor-465\" data-elementor-settings=\"[]\">\n\t\t\t<div class=\"elementor-inner\">\n\t\t\t\t<div class=\"elementor-section-wrap\">\n\t\t\t\t\t\t\t<section class=\"elementor-element elementor-element-75c677d elementor-section-boxed elementor-section-height-default elementor-section-height-default elementor-section elementor-top-section\" data-id=\"75c677d\" data-element_type=\"section\">\n\t\t\t\t\t\t<div class=\"elementor-container elementor-column-gap-default\">\n\t\t\t\t<div class=\"elementor-row\">\n\t\t\t\t<div class=\"elementor-element elementor-element-ae08f1f elementor-column elementor-col-25 elementor-top-column\" data-id=\"ae08f1f\" data-element_type=\"column\">\n\t\t\t<div class=\"elementor-column-wrap  elementor-element-populated\">\n\t\t\t\t\t<div class=\"elementor-widget-wrap\">\n\t\t\t\t<div class=\"elementor-element elementor-element-09eccc2 elementor-widget elementor-widget-image\" data-id=\"09eccc2\" data-element_type=\"widget\" data-widget_type=\"image.default\">\n\t\t\t\t<div class=\"elementor-widget-container\">\n\t\t\t\t\t<div class=\"elementor-image\">\n\t\t\t\t\t\t\t\t\t\t\t<a href=\"#letzebuergesch\">\n\t\t\t\t\t\t\t<img loading=\"lazy\" decoding=\"async\" width=\"150\" height=\"150\" src=\"https:\/\/volleksbuehn.lu\/wp-content\/uploads\/2020\/03\/LU-150x150.png\" class=\"attachment-thumbnail size-thumbnail\" alt=\"\" \/>\t\t\t\t\t\t\t\t<\/a>\n\t\t\t\t\t\t\t\t\t\t\t<\/div>\n\t\t\t\t<\/div>\n\t\t\t\t<\/div>\n\t\t\t\t\t\t<\/div>\n\t\t\t<\/div>\n\t\t<\/div>\n\t\t\t\t<div class=\"elementor-element elementor-element-c156872 elementor-column elementor-col-25 elementor-top-column\" data-id=\"c156872\" data-element_type=\"column\">\n\t\t\t<div class=\"elementor-column-wrap  elementor-element-populated\">\n\t\t\t\t\t<div class=\"elementor-widget-wrap\">\n\t\t\t\t<div class=\"elementor-element elementor-element-59bb8e8 elementor-widget elementor-widget-image\" data-id=\"59bb8e8\" data-element_type=\"widget\" data-widget_type=\"image.default\">\n\t\t\t\t<div class=\"elementor-widget-container\">\n\t\t\t\t\t<div class=\"elementor-image\">\n\t\t\t\t\t\t\t\t\t\t\t<a href=\"#daitsch\">\n\t\t\t\t\t\t\t<img loading=\"lazy\" decoding=\"async\" width=\"150\" height=\"150\" src=\"https:\/\/volleksbuehn.lu\/wp-content\/uploads\/2020\/03\/DE-150x150.png\" class=\"attachment-thumbnail size-thumbnail\" alt=\"\" \/>\t\t\t\t\t\t\t\t<\/a>\n\t\t\t\t\t\t\t\t\t\t\t<\/div>\n\t\t\t\t<\/div>\n\t\t\t\t<\/div>\n\t\t\t\t\t\t<\/div>\n\t\t\t<\/div>\n\t\t<\/div>\n\t\t\t\t<div class=\"elementor-element elementor-element-ebc0315 elementor-column elementor-col-25 elementor-top-column\" data-id=\"ebc0315\" data-element_type=\"column\">\n\t\t\t<div class=\"elementor-column-wrap  elementor-element-populated\">\n\t\t\t\t\t<div class=\"elementor-widget-wrap\">\n\t\t\t\t<div class=\"elementor-element elementor-element-193ef87 elementor-widget elementor-widget-image\" data-id=\"193ef87\" data-element_type=\"widget\" data-widget_type=\"image.default\">\n\t\t\t\t<div class=\"elementor-widget-container\">\n\t\t\t\t\t<div class=\"elementor-image\">\n\t\t\t\t\t\t\t\t\t\t\t<a href=\"#franseisch\">\n\t\t\t\t\t\t\t<img loading=\"lazy\" decoding=\"async\" width=\"150\" height=\"150\" src=\"https:\/\/volleksbuehn.lu\/wp-content\/uploads\/2020\/03\/FR-150x150.png\" class=\"attachment-thumbnail size-thumbnail\" alt=\"\" \/>\t\t\t\t\t\t\t\t<\/a>\n\t\t\t\t\t\t\t\t\t\t\t<\/div>\n\t\t\t\t<\/div>\n\t\t\t\t<\/div>\n\t\t\t\t\t\t<\/div>\n\t\t\t<\/div>\n\t\t<\/div>\n\t\t\t\t<div class=\"elementor-element elementor-element-59c8975 elementor-column elementor-col-25 elementor-top-column\" data-id=\"59c8975\" data-element_type=\"column\">\n\t\t\t<div class=\"elementor-column-wrap  elementor-element-populated\">\n\t\t\t\t\t<div class=\"elementor-widget-wrap\">\n\t\t\t\t<div class=\"elementor-element elementor-element-790f0c0 elementor-widget elementor-widget-image\" data-id=\"790f0c0\" data-element_type=\"widget\" data-widget_type=\"image.default\">\n\t\t\t\t<div class=\"elementor-widget-container\">\n\t\t\t\t\t<div class=\"elementor-image\">\n\t\t\t\t\t\t\t\t\t\t\t<a href=\"#englesch\">\n\t\t\t\t\t\t\t<img loading=\"lazy\" decoding=\"async\" width=\"150\" height=\"150\" src=\"https:\/\/volleksbuehn.lu\/wp-content\/uploads\/2020\/03\/EN-150x150.png\" class=\"attachment-thumbnail size-thumbnail\" alt=\"\" \/>\t\t\t\t\t\t\t\t<\/a>\n\t\t\t\t\t\t\t\t\t\t\t<\/div>\n\t\t\t\t<\/div>\n\t\t\t\t<\/div>\n\t\t\t\t\t\t<\/div>\n\t\t\t<\/div>\n\t\t<\/div>\n\t\t\t\t\t\t<\/div>\n\t\t\t<\/div>\n\t\t<\/section>\n\t\t\t\t<section class=\"elementor-element elementor-element-7210af1b elementor-section-boxed elementor-section-height-default elementor-section-height-default elementor-section elementor-top-section\" data-id=\"7210af1b\" data-element_type=\"section\">\n\t\t\t\t\t\t<div class=\"elementor-container elementor-column-gap-default\">\n\t\t\t\t<div class=\"elementor-row\">\n\t\t\t\t<div class=\"elementor-element elementor-element-440626c elementor-column elementor-col-100 elementor-top-column\" data-id=\"440626c\" data-element_type=\"column\">\n\t\t\t<div class=\"elementor-column-wrap  elementor-element-populated\">\n\t\t\t\t\t<div class=\"elementor-widget-wrap\">\n\t\t\t\t<div class=\"elementor-element elementor-element-060d249 elementor-widget elementor-widget-menu-anchor\" data-id=\"060d249\" data-element_type=\"widget\" data-widget_type=\"menu-anchor.default\">\n\t\t\t\t<div class=\"elementor-widget-container\">\n\t\t\t\t\t<div id=\"letzebuergesch\" class=\"elementor-menu-anchor\"><\/div>\n\t\t\t\t<\/div>\n\t\t\t\t<\/div>\n\t\t\t\t<div class=\"elementor-element elementor-element-6973a91b elementor-widget elementor-widget-text-editor\" data-id=\"6973a91b\" data-element_type=\"widget\" data-widget_type=\"text-editor.default\">\n\t\t\t\t<div class=\"elementor-widget-container\">\n\t\t\t\t\t<div class=\"elementor-text-editor elementor-clearfix\"><p><!-- wp:columns --><\/p>\n<p><!-- \/wp:heading --><\/p>\n<p><!-- wp:paragraph --><\/p>\n<h2>SPILLREEGELEN<\/h2>\n<ol>\n<li>Jiddereen ka pro Woch een <b>Theaterklassiker<\/b> virschloe, respektiv fir ee Virschlag st\u00ebmmen.<\/li>\n<li>D\u2019St\u00e9cker mussen entweder d\u00e4itsch-, frans\u00e9isch- oder engleschsproocheg sinn, respektiv an enger <b>lizenzfr\u00e4ier<\/b> Iwwersetzung an enger vun deenen dr\u00e4i Sproochen ze fanne sinn.<\/li>\n<li>Aus prakteschen a rechtleche Gr\u00ebnn <b>gi bei der Ofst\u00ebmmung just St\u00e9cker vun Auteuren, d\u00e9i virun 1945 gestuerwe si, respekt\u00e9iert<\/b>.<\/li>\n<li>Musekstheater (Oper, Operette, etc.) m\u00e9cht eis d&#8217;Liewen natierlech m\u00e9i schw\u00e9ier, d\u00e4erf awer och agereecht ginn. Wonnert Iech just net bei deem, wat herno dob\u00e4i erausk\u00ebnnt.<\/li>\n<li>Onseri\u00f6 Virschl\u00e9i, respektiv Virschl\u00e9i, d\u00e9i g\u00e9int d&#8217;Reegelen 2 an 3 verstousse, gi gel\u00e4scht.<\/li>\n<li>D\u2019Ofst\u00ebmmung geet Donneschdes um 18.00 online an h\u00e4lt Sonndes um 20.30 op. Dat meeschtgewielte d&#8217;St\u00e9ck k\u00ebnnt dir dann an zwou Woche Sonndes drop vun 19.55 un op eisem Site streamen.<\/li>\n<li>Am Fall vun engem Gl\u00e4ichstand g\u00ebtt geloust.<\/li>\n<li>D\u2019Volleksb\u00fchn beh\u00e4lt sech d&#8217;Recht vir, d&#8217;St\u00e9cker ze kierzen, \u00ebmzeschreiwen, ze parod\u00e9ieren&#8230; grad esou w\u00e9i mir et fir richteg halen.<\/li>\n<li>All St\u00e9ck g\u00ebtt selbstverst\u00e4ndlech just eng K\u00e9ier gespillt.<\/li>\n<li>Dat Ganzt kascht Iech kee Su! Allerd\u00e9ngs ass all Don un d&#8217;Volleksb\u00fchn h\u00e4erzlech w\u00ebllkomm.<\/li>\n<\/ol>\n<p><!-- \/wp:paragraph --><\/p>\n<p><!-- wp:paragraph --><\/p>\n<p><!-- \/wp:paragraph --><\/p>\n<p><!-- wp:heading --><\/p>\n<p><!-- \/wp:paragraph --><\/p><\/div>\n\t\t\t\t<\/div>\n\t\t\t\t<\/div>\n\t\t\t\t\t\t<\/div>\n\t\t\t<\/div>\n\t\t<\/div>\n\t\t\t\t\t\t<\/div>\n\t\t\t<\/div>\n\t\t<\/section>\n\t\t\t\t<section class=\"elementor-element elementor-element-7e84c99 elementor-section-boxed elementor-section-height-default elementor-section-height-default elementor-section elementor-top-section\" data-id=\"7e84c99\" data-element_type=\"section\">\n\t\t\t\t\t\t<div class=\"elementor-container elementor-column-gap-default\">\n\t\t\t\t<div class=\"elementor-row\">\n\t\t\t\t<div class=\"elementor-element elementor-element-95a3783 elementor-column elementor-col-100 elementor-top-column\" data-id=\"95a3783\" data-element_type=\"column\">\n\t\t\t<div class=\"elementor-column-wrap  elementor-element-populated\">\n\t\t\t\t\t<div class=\"elementor-widget-wrap\">\n\t\t\t\t<div class=\"elementor-element elementor-element-ec3f2f6 elementor-widget elementor-widget-text-editor\" data-id=\"ec3f2f6\" data-element_type=\"widget\" data-widget_type=\"text-editor.default\">\n\t\t\t\t<div class=\"elementor-widget-container\">\n\t\t\t\t\t<div class=\"elementor-text-editor elementor-clearfix\"><h3><a href=\"https:\/\/volleksbuehn.lu\/?page_id=434\">Zur Projetsbeschreiwung!<\/a><\/h3>\n<h3><a href=\"https:\/\/volleksbuehn.lu\/?page_id=469\">Zur Ofst\u00ebmmung!<\/a><\/h3><\/div>\n\t\t\t\t<\/div>\n\t\t\t\t<\/div>\n\t\t\t\t\t\t<\/div>\n\t\t\t<\/div>\n\t\t<\/div>\n\t\t\t\t\t\t<\/div>\n\t\t\t<\/div>\n\t\t<\/section>\n\t\t\t\t<section class=\"elementor-element elementor-element-eaba263 elementor-section-boxed elementor-section-height-default elementor-section-height-default elementor-section elementor-top-section\" data-id=\"eaba263\" data-element_type=\"section\">\n\t\t\t\t\t\t<div class=\"elementor-container elementor-column-gap-default\">\n\t\t\t\t<div class=\"elementor-row\">\n\t\t\t\t<div class=\"elementor-element elementor-element-ef53a3b elementor-column elementor-col-100 elementor-top-column\" data-id=\"ef53a3b\" data-element_type=\"column\">\n\t\t\t<div class=\"elementor-column-wrap  elementor-element-populated\">\n\t\t\t\t\t<div class=\"elementor-widget-wrap\">\n\t\t\t\t<div class=\"elementor-element elementor-element-1d4cf60 elementor-widget elementor-widget-menu-anchor\" data-id=\"1d4cf60\" data-element_type=\"widget\" data-widget_type=\"menu-anchor.default\">\n\t\t\t\t<div class=\"elementor-widget-container\">\n\t\t\t\t\t<div id=\"daitsch\" class=\"elementor-menu-anchor\"><\/div>\n\t\t\t\t<\/div>\n\t\t\t\t<\/div>\n\t\t\t\t<div class=\"elementor-element elementor-element-d9fcde8 elementor-widget elementor-widget-text-editor\" data-id=\"d9fcde8\" data-element_type=\"widget\" data-widget_type=\"text-editor.default\">\n\t\t\t\t<div class=\"elementor-widget-container\">\n\t\t\t\t\t<div class=\"elementor-text-editor elementor-clearfix\"><\/div>\n\t\t\t\t<\/div>\n\t\t\t\t<\/div>\n\t\t\t\t<div class=\"elementor-element elementor-element-ae1b54f elementor-widget elementor-widget-text-editor\" data-id=\"ae1b54f\" data-element_type=\"widget\" data-widget_type=\"text-editor.default\">\n\t\t\t\t<div class=\"elementor-widget-container\">\n\t\t\t\t\t<div class=\"elementor-text-editor elementor-clearfix\"><h2><strong>SPIELREGELN<\/strong><\/h2>\n<p><!-- \/wp:heading --><\/p>\n<p><!-- wp:paragraph --><\/p>\n<ol>\n<li>Jeder kann einen <b>Theaterklassiker<\/b> pro Woche vorschlagen, beziehungsweise f\u00fcr einen Vorschlag abstimmen.<\/li>\n<li>Bei den Vorschl\u00e4gen muss es sich um deutsch-, franz\u00f6sisch oder englischsprachige St\u00fccke handeln. Wenn nicht, muss eine <b>lizenzfreie<\/b> \u00dcbersetzung in einer dieser drei Sprachen vorliegen.<\/li>\n<li>Aus praktischen und rechtlichen Gr\u00fcnden <b>werden bei der Abstimmung nur St\u00fccke von Autoren respektiert<\/b>, <b>deren Todesdatum vor dem Jahr 1945 liegt<\/b>.<\/li>\n<li>Musiktheater (Oper, Operette, usw.) macht uns die Sache nat\u00fcrlich schwerer, darf aber auch eingereicht werden. Wundert euch nachher blo\u00df nicht \u00fcber das Resultat.<\/li>\n<li>Unseri\u00f6se Vorschl\u00e4ge, sowie Vorschl\u00e4ge die gegen die Regeln 2 und 3 versto\u00dfen, werden entfernt.<\/li>\n<li>Die Abstimmung beginnt donnerstags um 18.00 und endet sonntags um 20.30. Das meistgew\u00e4hlte St\u00fcck k\u00f6nnen Sie sich dann zwei Wochen sp\u00e4ter sonntags um 19.55 auf unserer Internetseite ansehen.<\/li>\n<li>Bei Gleichstand wird ausgelost.<\/li>\n<li>Die Volleksb\u00fchn beh\u00e4lt sich das Recht vor, die St\u00fccke zu k\u00fcrzen, umzuschreiben, zu parodieren\u2026 ganz nach unserer Lust und Laune.<\/li>\n<li>Jedes St\u00fcck wird nat\u00fcrlich nur ein einziges Mal gespielt.<\/li>\n<li>Das Ganze ist kostenfrei. Jede Spende an die Volleksb\u00fchn ist allerdings herzlichst willkommen.<\/li>\n<\/ol><\/div>\n\t\t\t\t<\/div>\n\t\t\t\t<\/div>\n\t\t\t\t\t\t<\/div>\n\t\t\t<\/div>\n\t\t<\/div>\n\t\t\t\t\t\t<\/div>\n\t\t\t<\/div>\n\t\t<\/section>\n\t\t\t\t<section class=\"elementor-element elementor-element-daa44c2 elementor-section-boxed elementor-section-height-default elementor-section-height-default elementor-section elementor-top-section\" data-id=\"daa44c2\" data-element_type=\"section\">\n\t\t\t\t\t\t<div class=\"elementor-container elementor-column-gap-default\">\n\t\t\t\t<div class=\"elementor-row\">\n\t\t\t\t<div class=\"elementor-element elementor-element-67cd496 elementor-column elementor-col-100 elementor-top-column\" data-id=\"67cd496\" data-element_type=\"column\">\n\t\t\t<div class=\"elementor-column-wrap  elementor-element-populated\">\n\t\t\t\t\t<div class=\"elementor-widget-wrap\">\n\t\t\t\t<div class=\"elementor-element elementor-element-c0fd5d2 elementor-widget elementor-widget-text-editor\" data-id=\"c0fd5d2\" data-element_type=\"widget\" data-widget_type=\"text-editor.default\">\n\t\t\t\t<div class=\"elementor-widget-container\">\n\t\t\t\t\t<div class=\"elementor-text-editor elementor-clearfix\"><h3><a href=\"https:\/\/volleksbuehn.lu\/?page_id=434\">Zur Projektbeschreibung!<\/a><\/h3>\n<h3><a href=\"https:\/\/volleksbuehn.lu\/?page_id=469\">Zur Abstimmung!<\/a><\/h3><\/div>\n\t\t\t\t<\/div>\n\t\t\t\t<\/div>\n\t\t\t\t\t\t<\/div>\n\t\t\t<\/div>\n\t\t<\/div>\n\t\t\t\t\t\t<\/div>\n\t\t\t<\/div>\n\t\t<\/section>\n\t\t\t\t<section class=\"elementor-element elementor-element-86ed425 elementor-section-boxed elementor-section-height-default elementor-section-height-default elementor-section elementor-top-section\" data-id=\"86ed425\" data-element_type=\"section\">\n\t\t\t\t\t\t<div class=\"elementor-container elementor-column-gap-default\">\n\t\t\t\t<div class=\"elementor-row\">\n\t\t\t\t<div class=\"elementor-element elementor-element-46feadf elementor-column elementor-col-100 elementor-top-column\" data-id=\"46feadf\" data-element_type=\"column\">\n\t\t\t<div class=\"elementor-column-wrap  elementor-element-populated\">\n\t\t\t\t\t<div class=\"elementor-widget-wrap\">\n\t\t\t\t<div class=\"elementor-element elementor-element-4e46e37 elementor-widget elementor-widget-menu-anchor\" data-id=\"4e46e37\" data-element_type=\"widget\" data-widget_type=\"menu-anchor.default\">\n\t\t\t\t<div class=\"elementor-widget-container\">\n\t\t\t\t\t<div id=\"franseisch\" class=\"elementor-menu-anchor\"><\/div>\n\t\t\t\t<\/div>\n\t\t\t\t<\/div>\n\t\t\t\t<div class=\"elementor-element elementor-element-04aa611 elementor-widget elementor-widget-text-editor\" data-id=\"04aa611\" data-element_type=\"widget\" data-widget_type=\"text-editor.default\">\n\t\t\t\t<div class=\"elementor-widget-container\">\n\t\t\t\t\t<div class=\"elementor-text-editor elementor-clearfix\"><h2>LES R\u00c8GLES DU JEU<\/h2>\n<p><!-- \/wp:heading --><\/p>\n<p><!-- wp:paragraph --><\/p>\n<ol>\n<li>Tous et toutes peuvent proposer ou voter pour un <b>classique de th\u00e9\u00e2tre<\/b>.\u00a0<\/li>\n<li>Les pi\u00e8ces doivent \u00eatre en Anglais, Allemand ou Fran\u00e7ais ou \u00eatre disponibles dans une <b>version libre de droits<\/b> dans une de ces 3 langues.\u00a0<\/li>\n<li>Pour des raisons l\u00e9gales et pratiques, <b>que des pi\u00e8ces d\u2019auteur.e.s morts depuis au moins 1945 sont accept\u00e9es<\/b>.\u00a0<\/li>\n<li>Des pi\u00e8ces de th\u00e9\u00e2tre musical (op\u00e9ra, op\u00e9rette,&#8230;) nous compliquent la vie, mais sont accept\u00e9es comme proposes. Nous ne garantissons pour rien par contre.\u00a0<\/li>\n<li>Des propositions qui manquent de s\u00e9rieux ou qui ne respectent pas les r\u00e8gles 2 ou 3 seront \u00e9cart\u00e9es.<\/li>\n<li>Les nominations et votes ouvriront les jeudis \u00e0 18h00 et seront clos les dimanches \u00e0 20h30. Le gagnant sera produit et diffus\u00e9 deux semaines\u00a0 plus tard le dimanche \u00e0 partir de 19h55 en streaming sur notre site.<\/li>\n<li>En cas d&#8217;\u00e9galit\u00e9, un tirage au sort sera effectu\u00e9.<\/li>\n<li>La Volleksb\u00fchn se r\u00e9serve le droit de couper, \u00e9diter, parodier et r\u00e9\u00e9crire les pi\u00e8ces selon leur guise.\u00a0<\/li>\n<li>Toute pi\u00e8ce ne sera jou\u00e9e qu\u2019une seule fois.\u00a0<\/li>\n<li>Le tout ne vous co\u00fbte pas un seul sou. La Volleksb\u00fchn vous remercie pour tout don par contre.<\/li>\n<\/ol>\n<p><!-- \/wp:paragraph --><\/p>\n<p><!-- wp:paragraph --><\/p>\n<p><!-- \/wp:paragraph --><\/p>\n<p><!-- wp:heading --><\/p><\/div>\n\t\t\t\t<\/div>\n\t\t\t\t<\/div>\n\t\t\t\t\t\t<\/div>\n\t\t\t<\/div>\n\t\t<\/div>\n\t\t\t\t\t\t<\/div>\n\t\t\t<\/div>\n\t\t<\/section>\n\t\t\t\t<section class=\"elementor-element elementor-element-d91c5e4 elementor-section-boxed elementor-section-height-default elementor-section-height-default elementor-section elementor-top-section\" data-id=\"d91c5e4\" data-element_type=\"section\">\n\t\t\t\t\t\t<div class=\"elementor-container elementor-column-gap-default\">\n\t\t\t\t<div class=\"elementor-row\">\n\t\t\t\t<div class=\"elementor-element elementor-element-e32f698 elementor-column elementor-col-100 elementor-top-column\" data-id=\"e32f698\" data-element_type=\"column\">\n\t\t\t<div class=\"elementor-column-wrap  elementor-element-populated\">\n\t\t\t\t\t<div class=\"elementor-widget-wrap\">\n\t\t\t\t<div class=\"elementor-element elementor-element-78a327f elementor-widget elementor-widget-text-editor\" data-id=\"78a327f\" data-element_type=\"widget\" data-widget_type=\"text-editor.default\">\n\t\t\t\t<div class=\"elementor-widget-container\">\n\t\t\t\t\t<div class=\"elementor-text-editor elementor-clearfix\"><h3><a href=\"http:\/\/volleksbuehn.lu\/\">Description du projet!<\/a><\/h3>\n<h3><a href=\"https:\/\/volleksbuehn.lu\/?page_id=469\">Votez maintenant!<\/a><\/h3><\/div>\n\t\t\t\t<\/div>\n\t\t\t\t<\/div>\n\t\t\t\t\t\t<\/div>\n\t\t\t<\/div>\n\t\t<\/div>\n\t\t\t\t\t\t<\/div>\n\t\t\t<\/div>\n\t\t<\/section>\n\t\t\t\t<section class=\"elementor-element elementor-element-57f3024 elementor-section-boxed elementor-section-height-default elementor-section-height-default elementor-section elementor-top-section\" data-id=\"57f3024\" data-element_type=\"section\">\n\t\t\t\t\t\t<div class=\"elementor-container elementor-column-gap-default\">\n\t\t\t\t<div class=\"elementor-row\">\n\t\t\t\t<div class=\"elementor-element elementor-element-4d51d2c elementor-column elementor-col-100 elementor-top-column\" data-id=\"4d51d2c\" data-element_type=\"column\">\n\t\t\t<div class=\"elementor-column-wrap  elementor-element-populated\">\n\t\t\t\t\t<div class=\"elementor-widget-wrap\">\n\t\t\t\t<div class=\"elementor-element elementor-element-463d4b7 elementor-widget elementor-widget-menu-anchor\" data-id=\"463d4b7\" data-element_type=\"widget\" data-widget_type=\"menu-anchor.default\">\n\t\t\t\t<div class=\"elementor-widget-container\">\n\t\t\t\t\t<div id=\"englesch\" class=\"elementor-menu-anchor\"><\/div>\n\t\t\t\t<\/div>\n\t\t\t\t<\/div>\n\t\t\t\t<div class=\"elementor-element elementor-element-66a154f elementor-widget elementor-widget-text-editor\" data-id=\"66a154f\" data-element_type=\"widget\" data-widget_type=\"text-editor.default\">\n\t\t\t\t<div class=\"elementor-widget-container\">\n\t\t\t\t\t<div class=\"elementor-text-editor elementor-clearfix\"><h2>THE RULES OF THE GAME<\/h2>\n<p><!-- \/wp:heading --><\/p>\n<p><!-- wp:paragraph --><\/p>\n<ol>\n<li>Everyone and anyone can suggest or vote for a suggested <b>theatre<\/b> <b>classic<\/b>.&nbsp;<\/li>\n<li>The plays have to be in English, German or French or be available in a <b>licence-free <\/b>translation in one of those three languages.&nbsp;<\/li>\n<li>Due to practical and legal reasons, <b>only plays by authors who died before 1945 will be taken into account<\/b>.&nbsp;<\/li>\n<li>Musical Theatre (Opera, Operette,&#8230;) will make our lives more challenging, but will be considered, too. We just can\u2019t guarantee a happy outcome.&nbsp;<\/li>\n<li>Suggestions that lack seriousness or don\u2019t respect rules 2 and 3 will be deleted.&nbsp;<\/li>\n<li>The nominations and votes open on Thursdays at 6pm and close on Sundays at 8.30pm. The winner of the ballot can be streamed live two weeks later on Sunday from 7.55pm on our website.<\/li>\n<li>In case of a draw, we\u2019ll draw lots.&nbsp;<\/li>\n<li>The Volleksb\u00fchn reserves its right to cut, edit, parody and rewrite the plays.&nbsp;<\/li>\n<li>Every play will only be performed once.&nbsp;<\/li>\n<li>The whole thing is free! Nonetheless, the Volleksb\u00fchn welcomes all donations.<\/li>\n<\/ol>\n<p><!-- \/wp:paragraph --><\/p>\n<p><!-- wp:paragraph --><\/p><\/div>\n\t\t\t\t<\/div>\n\t\t\t\t<\/div>\n\t\t\t\t\t\t<\/div>\n\t\t\t<\/div>\n\t\t<\/div>\n\t\t\t\t\t\t<\/div>\n\t\t\t<\/div>\n\t\t<\/section>\n\t\t\t\t<section class=\"elementor-element elementor-element-3c465ee elementor-section-boxed elementor-section-height-default elementor-section-height-default elementor-section elementor-top-section\" data-id=\"3c465ee\" data-element_type=\"section\">\n\t\t\t\t\t\t<div class=\"elementor-container elementor-column-gap-default\">\n\t\t\t\t<div class=\"elementor-row\">\n\t\t\t\t<div class=\"elementor-element elementor-element-cad2b39 elementor-column elementor-col-100 elementor-top-column\" data-id=\"cad2b39\" data-element_type=\"column\">\n\t\t\t<div class=\"elementor-column-wrap  elementor-element-populated\">\n\t\t\t\t\t<div class=\"elementor-widget-wrap\">\n\t\t\t\t<div class=\"elementor-element elementor-element-6eb868e elementor-widget elementor-widget-text-editor\" data-id=\"6eb868e\" data-element_type=\"widget\" data-widget_type=\"text-editor.default\">\n\t\t\t\t<div class=\"elementor-widget-container\">\n\t\t\t\t\t<div class=\"elementor-text-editor elementor-clearfix\"><h3><a href=\"https:\/\/volleksbuehn.lu\/?page_id=434\">Description of the project!<\/a><\/h3>\n<h3><a href=\"https:\/\/volleksbuehn.lu\/?page_id=469\">Vote now!<\/a><\/h3><\/div>\n\t\t\t\t<\/div>\n\t\t\t\t<\/div>\n\t\t\t\t\t\t<\/div>\n\t\t\t<\/div>\n\t\t<\/div>\n\t\t\t\t\t\t<\/div>\n\t\t\t<\/div>\n\t\t<\/section>\n\t\t\t\t\t\t<\/div>\n\t\t\t<\/div>\n\t\t<\/div>\n\t\t","protected":false},"excerpt":{"rendered":"<p>SPILLREEGELEN Jiddereen ka pro Woch een Theaterklassiker virschloe, respektiv fir ee Virschlag st\u00ebmmen. D\u2019St\u00e9cker mussen entweder d\u00e4itsch-, frans\u00e9isch- oder engleschsproocheg sinn, respektiv an enger lizenzfr\u00e4ier Iwwersetzung an enger vun deenen dr\u00e4i Sproochen ze fanne sinn. Aus prakteschen a rechtleche Gr\u00ebnn gi bei der Ofst\u00ebmmung just St\u00e9cker vun Auteuren, d\u00e9i virun 1945 gestuerwe si, respekt\u00e9iert. Musekstheater &hellip; <a href=\"https:\/\/volleksbuehn.lu\/?page_id=465\" class=\"more-link\">Continue reading <span class=\"screen-reader-text\">Produktioun Nr. 3 &#8211; D&#8217;Spillreegelen<\/span><\/a><\/p>\n","protected":false},"author":1,"featured_media":0,"parent":0,"menu_order":0,"comment_status":"closed","ping_status":"closed","template":"","meta":{"footnotes":""},"tags":[],"_links":{"self":[{"href":"https:\/\/volleksbuehn.lu\/index.php?rest_route=\/wp\/v2\/pages\/465"}],"collection":[{"href":"https:\/\/volleksbuehn.lu\/index.php?rest_route=\/wp\/v2\/pages"}],"about":[{"href":"https:\/\/volleksbuehn.lu\/index.php?rest_route=\/wp\/v2\/types\/page"}],"author":[{"embeddable":true,"href":"https:\/\/volleksbuehn.lu\/index.php?rest_route=\/wp\/v2\/users\/1"}],"replies":[{"embeddable":true,"href":"https:\/\/volleksbuehn.lu\/index.php?rest_route=%2Fwp%2Fv2%2Fcomments&post=465"}],"version-history":[{"count":22,"href":"https:\/\/volleksbuehn.lu\/index.php?rest_route=\/wp\/v2\/pages\/465\/revisions"}],"predecessor-version":[{"id":709,"href":"https:\/\/volleksbuehn.lu\/index.php?rest_route=\/wp\/v2\/pages\/465\/revisions\/709"}],"wp:attachment":[{"href":"https:\/\/volleksbuehn.lu\/index.php?rest_route=%2Fwp%2Fv2%2Fmedia&parent=465"}],"wp:term":[{"taxonomy":"post_tag","embeddable":true,"href":"https:\/\/volleksbuehn.lu\/index.php?rest_route=%2Fwp%2Fv2%2Ftags&post=465"}],"curies":[{"name":"wp","href":"https:\/\/api.w.org\/{rel}","templated":true}]}}